{"id":742,"date":"2024-05-17T10:52:40","date_gmt":"2024-05-17T10:52:40","guid":{"rendered":"https:\/\/siteadmin.be\/127vanlindenbvba\/?page_id=742"},"modified":"2026-02-10T14:40:08","modified_gmt":"2026-02-10T14:40:08","slug":"contact","status":"publish","type":"page","link":"https:\/\/vanlindenbvba.be\/fr\/contact\/","title":{"rendered":"Contact"},"content":{"rendered":"<div data-elementor-type=\"wp-page\" data-elementor-id=\"742\" class=\"elementor elementor-742\" data-elementor-settings=\"{&quot;ha_cmc_init_switcher&quot;:&quot;no&quot;}\">\n\t\t\t\t<div class=\"elementor-element elementor-element-5a58fae e-con-full e-flex e-con e-parent\" data-id=\"5a58fae\" data-element_type=\"container\" data-e-type=\"container\" data-settings=\"{&quot;background_background&quot;:&quot;classic&quot;,&quot;_ha_eqh_enable&quot;:false}\">\n\t\t<div class=\"elementor-element elementor-element-d74328f e-con-full e-flex e-con e-child\" data-id=\"d74328f\" data-element_type=\"container\" data-e-type=\"container\" data-settings=\"{&quot;_ha_eqh_enable&quot;:false}\">\n\t\t\t\t<div class=\"elementor-element elementor-element-fbc4591 elementor-widget elementor-widget-heading\" data-id=\"fbc4591\" data-element_type=\"widget\" data-e-type=\"widget\" data-widget_type=\"heading.default\">\n\t\t\t\t<div class=\"elementor-widget-container\">\n\t\t\t\t\t<h2 class=\"elementor-heading-title elementor-size-default\">Contactez nous<\/h2>\t\t\t\t<\/div>\n\t\t\t\t<\/div>\n\t\t\t\t<div class=\"elementor-element elementor-element-a087e18 elementor-widget elementor-widget-heading\" data-id=\"a087e18\" data-element_type=\"widget\" data-e-type=\"widget\" data-widget_type=\"heading.default\">\n\t\t\t\t<div class=\"elementor-widget-container\">\n\t\t\t\t\t<h2 class=\"elementor-heading-title elementor-size-default\">pour un devis gratuit ou une question<\/h2>\t\t\t\t<\/div>\n\t\t\t\t<\/div>\n\t\t\t\t<\/div>\n\t\t\t\t<\/div>\n\t\t<div class=\"elementor-element elementor-element-d077791 e-con-full e-flex e-con e-parent\" data-id=\"d077791\" data-element_type=\"container\" data-e-type=\"container\" data-settings=\"{&quot;_ha_eqh_enable&quot;:false}\">\n\t\t<div class=\"elementor-element elementor-element-4388016 e-con-full e-flex e-con e-child\" data-id=\"4388016\" data-element_type=\"container\" data-e-type=\"container\" data-settings=\"{&quot;_ha_eqh_enable&quot;:false}\">\n\t\t<div class=\"elementor-element elementor-element-160578a e-con-full e-flex e-con e-child\" data-id=\"160578a\" data-element_type=\"container\" data-e-type=\"container\" data-settings=\"{&quot;_ha_eqh_enable&quot;:false}\">\n\t\t\t\t<div class=\"elementor-element elementor-element-ca74795 elementor-widget elementor-widget-heading\" data-id=\"ca74795\" data-element_type=\"widget\" data-e-type=\"widget\" data-widget_type=\"heading.default\">\n\t\t\t\t<div class=\"elementor-widget-container\">\n\t\t\t\t\t<h2 class=\"elementor-heading-title elementor-size-default\">Vos donn\u00e9es<\/h2>\t\t\t\t<\/div>\n\t\t\t\t<\/div>\n\t\t\t\t<\/div>\n\t\t\t\t<div class=\"elementor-element elementor-element-577dc5a elementor-widget elementor-widget-shortcode\" data-id=\"577dc5a\" data-element_type=\"widget\" data-e-type=\"widget\" data-widget_type=\"shortcode.default\">\n\t\t\t\t<div class=\"elementor-widget-container\">\n\t\t\t\t\t\t\t<div class=\"elementor-shortcode\"><div class=\"forminator-ui forminator-custom-form forminator-custom-form-750 forminator-design--flat forminator-enclosed forminator_ajax\" data-forminator-render=\"0\" data-form=\"forminator-module-750\" data-uid=\"69e735dc7fe61\"><br\/><\/div><form\n\t\t\t\tid=\"forminator-module-750\"\n\t\t\t\tclass=\"forminator-ui forminator-custom-form forminator-custom-form-750 forminator-design--flat forminator-enclosed forminator_ajax\"\n\t\t\t\tmethod=\"post\"\n\t\t\t\tdata-forminator-render=\"0\"\n\t\t\t\tdata-form-id=\"750\"\n\t\t\t\tenctype=\"multipart\/form-data\" data-color-option=\"default\" data-design=\"flat\" data-grid=\"enclosed\" style=\"display: none;\"\n\t\t\t\tdata-uid=\"69e735dc7fe61\" action=\"\"\n\t\t\t><div role=\"alert\" aria-live=\"polite\" class=\"forminator-response-message forminator-error\" aria-hidden=\"true\"><\/div><div class=\"forminator-row\"><div id=\"name-1\" class=\"forminator-field-name forminator-col forminator-col-12\"><div class=\"forminator-row forminator-no-margin\" data-multiple=\"true\"><div class=\"forminator-col forminator-col-md-6\"><div class=\"forminator-field\"><label for=\"forminator-field-first-name-1_69e735dc7fe61\" id=\"forminator-field-first-name-1_69e735dc7fe61-label\" class=\"forminator-label\">Pr\u00e9nom <span class=\"forminator-required\">*<\/span><\/label><input type=\"text\" name=\"name-1-first-name\" placeholder=\"Pr\u00e9nom\" id=\"forminator-field-first-name-1_69e735dc7fe61\" class=\"forminator-input\" aria-required=\"true\" data-multi=\"1\" autocomplete=\"given-name\" value=\"\" \/><\/div><\/div><div class=\"forminator-col forminator-col-md-6\"><div class=\"forminator-field\"><label for=\"forminator-field-last-name-1_69e735dc7fe61\" id=\"forminator-field-last-name-1_69e735dc7fe61-label\" class=\"forminator-label\">Nom <span class=\"forminator-required\">*<\/span><\/label><input type=\"text\" name=\"name-1-last-name\" placeholder=\"Nom\" id=\"forminator-field-last-name-1_69e735dc7fe61\" class=\"forminator-input\" aria-required=\"true\" data-multi=\"1\" autocomplete=\"family-name\" value=\"\" \/><\/div><\/div><\/div><\/div><\/div><div class=\"forminator-row\"><div id=\"email-1\" class=\"forminator-field-email forminator-col forminator-col-6\"><div class=\"forminator-field\"><label for=\"forminator-field-email-1_69e735dc7fe61\" id=\"forminator-field-email-1_69e735dc7fe61-label\" class=\"forminator-label\">Adresse e-mail <span class=\"forminator-required\">*<\/span><\/label><input type=\"email\" name=\"email-1\" value=\"\" placeholder=\"Adresse e-mail\" id=\"forminator-field-email-1_69e735dc7fe61\" class=\"forminator-input forminator-email--field\" data-required=\"true\" aria-required=\"true\" autocomplete=\"email\" \/><\/div><\/div><div id=\"phone-1\" class=\"forminator-field-phone forminator-col forminator-col-6\"><div class=\"forminator-field\"><label for=\"forminator-field-phone-1_69e735dc7fe61\" id=\"forminator-field-phone-1_69e735dc7fe61-label\" class=\"forminator-label\">Num\u00e9ro de t\u00e9l\u00e9phone <span class=\"forminator-required\">*<\/span><\/label><input type=\"text\" name=\"phone-1\" value=\"\" placeholder=\"Num\u00e9ro de t\u00e9l\u00e9phone\" id=\"forminator-field-phone-1_69e735dc7fe61\" class=\"forminator-input forminator-field--phone\" data-required=\"1\" aria-required=\"true\" autocomplete=\"off\" data-validation=\"1\" \/><\/div><\/div><\/div><div class=\"forminator-row\"><div id=\"text-1\" class=\"forminator-field-text forminator-col forminator-col-12\"><div class=\"forminator-field\"><label for=\"forminator-field-text-1_69e735dc7fe61\" id=\"forminator-field-text-1_69e735dc7fe61-label\" class=\"forminator-label\">Sujet <span class=\"forminator-required\">*<\/span><\/label><input type=\"text\" name=\"text-1\" value=\"\" placeholder=\"Sujet\" id=\"forminator-field-text-1_69e735dc7fe61\" class=\"forminator-input forminator-name--field\" data-required=\"1\" \/><\/div><\/div><\/div><div class=\"forminator-row\"><div id=\"textarea-1\" class=\"forminator-field-textarea forminator-col forminator-col-12\"><div class=\"forminator-field\"><label for=\"forminator-field-textarea-1_69e735dc7fe61\" id=\"forminator-field-textarea-1_69e735dc7fe61-label\" class=\"forminator-label\">Votre message <span class=\"forminator-required\">*<\/span><\/label><textarea name=\"textarea-1\" placeholder=\"Votre message\" id=\"forminator-field-textarea-1_69e735dc7fe61\" class=\"forminator-textarea\" rows=\"6\" style=\"min-height:140px;\" ><\/textarea><\/div><\/div><\/div><div class=\"forminator-row\"><div id=\"upload-1\" class=\"forminator-field-upload forminator-col forminator-col-12\"><div class=\"forminator-field\"><label for=\"forminator-field-upload-1_69e735dc7fe61\" id=\"forminator-field-upload-1_69e735dc7fe61-label\" class=\"forminator-label\">T\u00e9l\u00e9charger de fichiers<\/label><div class=\"forminator-multi-upload\" data-element=\"upload-1_69e735dc7fe61\"><input type=\"file\" name=\"upload-1[]\" id=\"forminator-field-upload-1_69e735dc7fe61\" class=\"forminator-input-file forminator-field-upload-1_69e735dc7fe61-750\" multiple=\"multiple\" data-method=\"ajax\" data-size=\"4000000\" data-size-message=\"Maximum file size allowed is 4 MB. \"><div class=\"forminator-multi-upload-message\" aria-hidden=\"true\"><span class=\"forminator-icon-upload\" aria-hidden=\"true\"><\/span><p>Drag and Drop (or) <a class=\"forminator-upload-file--forminator-field-upload-1_69e735dc7fe61\" href=\"#\" onclick=\"return false;\">Choose Files<\/a><\/p><\/div><\/div><ul class=\"forminator-uploaded-files upload-container-upload-1_69e735dc7fe61\"><\/ul><\/div><\/div><\/div><div class=\"forminator-row\"><div id=\"captcha-1\" class=\"forminator-field-captcha forminator-col forminator-col-12\"><div class=\"forminator-captcha-left forminator-g-recaptcha recaptcha-invisible\" data-theme=\"light\" data-badge=\"bottomright\" data-sitekey=\"6Ldhh_UpAAAAAIvwti7O3MwzkB5KbBF782UtwyOP\" data-size=\"invisible\"><\/div> <\/div><\/div><input type=\"hidden\" name=\"referer_url\" value=\"\" \/><div class=\"forminator-row forminator-row-last\"><div class=\"forminator-col\"><div class=\"forminator-field\"><button class=\"forminator-button forminator-button-submit\">Exp\u00e9dier<\/button><\/div><\/div><\/div><input type=\"hidden\" id=\"forminator_nonce\" name=\"forminator_nonce\" value=\"07dabb307b\" \/><input type=\"hidden\" name=\"_wp_http_referer\" value=\"\/fr\/wp-json\/wp\/v2\/pages\/742\" \/><input type=\"hidden\" name=\"form_id\" value=\"750\"><input type=\"hidden\" name=\"page_id\" value=\"742\"><input type=\"hidden\" name=\"form_type\" value=\"default\"><input type=\"hidden\" name=\"current_url\" value=\"https:\/\/vanlindenbvba.be\/fr\/contact\/\"><input type=\"hidden\" name=\"render_id\" value=\"0\"><input type=\"hidden\" name=\"forminator-multifile-hidden\" class=\"forminator-multifile-hidden\"><input type=\"hidden\" name=\"action\" value=\"forminator_submit_form_custom-forms\"><input type=\"hidden\" name=\"trp-form-language\" value=\"fr\"\/><\/form><\/div>\n\t\t\t\t\t\t<\/div>\n\t\t\t\t<\/div>\n\t\t\t\t<\/div>\n\t\t<div class=\"elementor-element elementor-element-a3b625b e-con-full e-flex e-con e-child\" data-id=\"a3b625b\" data-element_type=\"container\" data-e-type=\"container\" data-settings=\"{&quot;background_background&quot;:&quot;classic&quot;,&quot;_ha_eqh_enable&quot;:false}\">\n\t\t\t\t<\/div>\n\t\t\t\t<\/div>\n\t\t\t\t<\/div>","protected":false},"excerpt":{"rendered":"<p>Contacteer ons voor een gratis offerte of vraag Uw gegevens<\/p>","protected":false},"author":1,"featured_media":0,"parent":0,"menu_order":0,"comment_status":"closed","ping_status":"closed","template":"","meta":{"footnotes":""},"class_list":["post-742","page","type-page","status-publish","hentry"],"yoast_head":"<!-- This site is optimized with the Yoast SEO plugin v26.9 - https:\/\/yoast.com\/product\/yoast-seo-wordpress\/ -->\n<title>Betonkelders &amp; betonwerken in Puurs-Sint-Amands | Van Linden bv<\/title>\n<meta name=\"description\" content=\"Neem contact op met Van Linden BV voor betonwerken en betonkelders. Bel ons of vraag een vrijblijvende offerte via het contactformulier.\" \/>\n<meta name=\"robots\" content=\"index, follow, max-snippet:-1, max-image-preview:large, max-video-preview:-1\" \/>\n<link rel=\"canonical\" href=\"https:\/\/vanlindenbvba.be\/fr\/contact\/\" \/>\n<meta property=\"og:locale\" content=\"fr_FR\" \/>\n<meta property=\"og:type\" content=\"article\" \/>\n<meta property=\"og:title\" content=\"Betonkelders &amp; betonwerken in Puurs-Sint-Amands | Van Linden bv\" \/>\n<meta property=\"og:description\" content=\"Neem contact op met Van Linden BV voor betonwerken en betonkelders. Bel ons of vraag een vrijblijvende offerte via het contactformulier.\" \/>\n<meta property=\"og:url\" content=\"https:\/\/vanlindenbvba.be\/fr\/contact\/\" \/>\n<meta property=\"og:site_name\" content=\"Van Linden - Betonkelders\" \/>\n<meta property=\"article:modified_time\" content=\"2026-02-10T14:40:08+00:00\" \/>\n<meta name=\"twitter:card\" content=\"summary_large_image\" \/>\n<meta name=\"twitter:label1\" content=\"Dur\u00e9e de lecture est.\" \/>\n\t<meta name=\"twitter:data1\" content=\"1 minute\" \/>\n<script type=\"application\/ld+json\" class=\"yoast-schema-graph\">{\"@context\":\"https:\/\/schema.org\",\"@graph\":[{\"@type\":\"WebPage\",\"@id\":\"https:\/\/vanlindenbvba.be\/contact\/\",\"url\":\"https:\/\/vanlindenbvba.be\/contact\/\",\"name\":\"Betonkelders & betonwerken in Puurs-Sint-Amands | Van Linden bv\",\"isPartOf\":{\"@id\":\"https:\/\/vanlindenbvba.be\/#website\"},\"datePublished\":\"2024-05-17T10:52:40+00:00\",\"dateModified\":\"2026-02-10T14:40:08+00:00\",\"description\":\"Neem contact op met Van Linden BV voor betonwerken en betonkelders. Bel ons of vraag een vrijblijvende offerte via het contactformulier.\",\"breadcrumb\":{\"@id\":\"https:\/\/vanlindenbvba.be\/contact\/#breadcrumb\"},\"inLanguage\":\"fr-BE\",\"potentialAction\":[{\"@type\":\"ReadAction\",\"target\":[\"https:\/\/vanlindenbvba.be\/contact\/\"]}]},{\"@type\":\"BreadcrumbList\",\"@id\":\"https:\/\/vanlindenbvba.be\/contact\/#breadcrumb\",\"itemListElement\":[{\"@type\":\"ListItem\",\"position\":1,\"name\":\"Home\",\"item\":\"https:\/\/vanlindenbvba.be\/\"},{\"@type\":\"ListItem\",\"position\":2,\"name\":\"Contact\"}]},{\"@type\":\"WebSite\",\"@id\":\"https:\/\/vanlindenbvba.be\/#website\",\"url\":\"https:\/\/vanlindenbvba.be\/\",\"name\":\"Van Linden - Betonkelders\",\"description\":\"\",\"publisher\":{\"@id\":\"https:\/\/vanlindenbvba.be\/#organization\"},\"potentialAction\":[{\"@type\":\"SearchAction\",\"target\":{\"@type\":\"EntryPoint\",\"urlTemplate\":\"https:\/\/vanlindenbvba.be\/?s={search_term_string}\"},\"query-input\":{\"@type\":\"PropertyValueSpecification\",\"valueRequired\":true,\"valueName\":\"search_term_string\"}}],\"inLanguage\":\"fr-BE\"},{\"@type\":\"Organization\",\"@id\":\"https:\/\/vanlindenbvba.be\/#organization\",\"name\":\"Van Linden - Betonkelders\",\"url\":\"https:\/\/vanlindenbvba.be\/\",\"logo\":{\"@type\":\"ImageObject\",\"inLanguage\":\"fr-BE\",\"@id\":\"https:\/\/vanlindenbvba.be\/#\/schema\/logo\/image\/\",\"url\":\"https:\/\/vanlindenbvba.be\/wp-content\/uploads\/2024\/05\/Logo-Van-Linden-betonwerken-Verdeeld-NL-1536x369-1.png\",\"contentUrl\":\"https:\/\/vanlindenbvba.be\/wp-content\/uploads\/2024\/05\/Logo-Van-Linden-betonwerken-Verdeeld-NL-1536x369-1.png\",\"width\":1536,\"height\":369,\"caption\":\"Van Linden - Betonkelders\"},\"image\":{\"@id\":\"https:\/\/vanlindenbvba.be\/#\/schema\/logo\/image\/\"}}]}<\/script>\n<!-- \/ Yoast SEO plugin. -->","yoast_head_json":{"title":"Betonkelders & betonwerken in Puurs-Sint-Amands | Van Linden bv","description":"Neem contact op met Van Linden BV voor betonwerken en betonkelders. Bel ons of vraag een vrijblijvende offerte via het contactformulier.","robots":{"index":"index","follow":"follow","max-snippet":"max-snippet:-1","max-image-preview":"max-image-preview:large","max-video-preview":"max-video-preview:-1"},"canonical":"https:\/\/vanlindenbvba.be\/fr\/contact\/","og_locale":"fr_FR","og_type":"article","og_title":"Betonkelders & betonwerken in Puurs-Sint-Amands | Van Linden bv","og_description":"Neem contact op met Van Linden BV voor betonwerken en betonkelders. Bel ons of vraag een vrijblijvende offerte via het contactformulier.","og_url":"https:\/\/vanlindenbvba.be\/fr\/contact\/","og_site_name":"Van Linden - Betonkelders","article_modified_time":"2026-02-10T14:40:08+00:00","twitter_card":"summary_large_image","twitter_misc":{"Dur\u00e9e de lecture est.":"1 minute"},"schema":{"@context":"https:\/\/schema.org","@graph":[{"@type":"WebPage","@id":"https:\/\/vanlindenbvba.be\/contact\/","url":"https:\/\/vanlindenbvba.be\/contact\/","name":"Betonkelders & betonwerken in Puurs-Sint-Amands | Van Linden bv","isPartOf":{"@id":"https:\/\/vanlindenbvba.be\/#website"},"datePublished":"2024-05-17T10:52:40+00:00","dateModified":"2026-02-10T14:40:08+00:00","description":"Neem contact op met Van Linden BV voor betonwerken en betonkelders. Bel ons of vraag een vrijblijvende offerte via het contactformulier.","breadcrumb":{"@id":"https:\/\/vanlindenbvba.be\/contact\/#breadcrumb"},"inLanguage":"fr-BE","potentialAction":[{"@type":"ReadAction","target":["https:\/\/vanlindenbvba.be\/contact\/"]}]},{"@type":"BreadcrumbList","@id":"https:\/\/vanlindenbvba.be\/contact\/#breadcrumb","itemListElement":[{"@type":"ListItem","position":1,"name":"Home","item":"https:\/\/vanlindenbvba.be\/"},{"@type":"ListItem","position":2,"name":"Contact"}]},{"@type":"WebSite","@id":"https:\/\/vanlindenbvba.be\/#website","url":"https:\/\/vanlindenbvba.be\/","name":"Van Linden - Betonkelders","description":"","publisher":{"@id":"https:\/\/vanlindenbvba.be\/#organization"},"potentialAction":[{"@type":"SearchAction","target":{"@type":"EntryPoint","urlTemplate":"https:\/\/vanlindenbvba.be\/?s={search_term_string}"},"query-input":{"@type":"PropertyValueSpecification","valueRequired":true,"valueName":"search_term_string"}}],"inLanguage":"fr-BE"},{"@type":"Organization","@id":"https:\/\/vanlindenbvba.be\/#organization","name":"Van Linden - Betonkelders","url":"https:\/\/vanlindenbvba.be\/","logo":{"@type":"ImageObject","inLanguage":"fr-BE","@id":"https:\/\/vanlindenbvba.be\/#\/schema\/logo\/image\/","url":"https:\/\/vanlindenbvba.be\/wp-content\/uploads\/2024\/05\/Logo-Van-Linden-betonwerken-Verdeeld-NL-1536x369-1.png","contentUrl":"https:\/\/vanlindenbvba.be\/wp-content\/uploads\/2024\/05\/Logo-Van-Linden-betonwerken-Verdeeld-NL-1536x369-1.png","width":1536,"height":369,"caption":"Van Linden - Betonkelders"},"image":{"@id":"https:\/\/vanlindenbvba.be\/#\/schema\/logo\/image\/"}}]}},"_links":{"self":[{"href":"https:\/\/vanlindenbvba.be\/fr\/wp-json\/wp\/v2\/pages\/742","targetHints":{"allow":["GET"]}}],"collection":[{"href":"https:\/\/vanlindenbvba.be\/fr\/wp-json\/wp\/v2\/pages"}],"about":[{"href":"https:\/\/vanlindenbvba.be\/fr\/wp-json\/wp\/v2\/types\/page"}],"author":[{"embeddable":true,"href":"https:\/\/vanlindenbvba.be\/fr\/wp-json\/wp\/v2\/users\/1"}],"replies":[{"embeddable":true,"href":"https:\/\/vanlindenbvba.be\/fr\/wp-json\/wp\/v2\/comments?post=742"}],"version-history":[{"count":22,"href":"https:\/\/vanlindenbvba.be\/fr\/wp-json\/wp\/v2\/pages\/742\/revisions"}],"predecessor-version":[{"id":1004,"href":"https:\/\/vanlindenbvba.be\/fr\/wp-json\/wp\/v2\/pages\/742\/revisions\/1004"}],"wp:attachment":[{"href":"https:\/\/vanlindenbvba.be\/fr\/wp-json\/wp\/v2\/media?parent=742"}],"curies":[{"name":"wp","href":"https:\/\/api.w.org\/{rel}","templated":true}]}}