{"id":460,"date":"2024-05-16T14:52:08","date_gmt":"2024-05-16T14:52:08","guid":{"rendered":"https:\/\/siteadmin.be\/127vanlindenbvba\/?page_id=460"},"modified":"2026-02-10T14:37:27","modified_gmt":"2026-02-10T14:37:27","slug":"werkwijze","status":"publish","type":"page","link":"https:\/\/vanlindenbvba.be\/fr\/werkwijze\/","title":{"rendered":"M\u00e9thode"},"content":{"rendered":"<div data-elementor-type=\"wp-page\" data-elementor-id=\"460\" class=\"elementor elementor-460\" data-elementor-settings=\"{&quot;ha_cmc_init_switcher&quot;:&quot;no&quot;}\">\n\t\t\t\t<div class=\"elementor-element elementor-element-5a58fae e-con-full e-flex e-con e-parent\" data-id=\"5a58fae\" data-element_type=\"container\" data-e-type=\"container\" data-settings=\"{&quot;background_background&quot;:&quot;classic&quot;,&quot;_ha_eqh_enable&quot;:false}\">\n\t\t<div class=\"elementor-element elementor-element-d74328f e-con-full e-flex e-con e-child\" data-id=\"d74328f\" data-element_type=\"container\" data-e-type=\"container\" data-settings=\"{&quot;_ha_eqh_enable&quot;:false}\">\n\t\t\t\t<div class=\"elementor-element elementor-element-fbc4591 elementor-widget elementor-widget-heading\" data-id=\"fbc4591\" data-element_type=\"widget\" data-e-type=\"widget\" data-widget_type=\"heading.default\">\n\t\t\t\t<div class=\"elementor-widget-container\">\n\t\t\t\t\t<h2 class=\"elementor-heading-title elementor-size-default\">M\u00e9thode<\/h2>\t\t\t\t<\/div>\n\t\t\t\t<\/div>\n\t\t\t\t<div class=\"elementor-element elementor-element-a087e18 elementor-widget elementor-widget-heading\" data-id=\"a087e18\" data-element_type=\"widget\" data-e-type=\"widget\" data-widget_type=\"heading.default\">\n\t\t\t\t<div class=\"elementor-widget-container\">\n\t\t\t\t\t<h2 class=\"elementor-heading-title elementor-size-default\">Gr\u00e2ce \u00e0 notre approche efficace, nous pouvons livrer des travaux \u00e0 un prix comp\u00e9titif<\/h2>\t\t\t\t<\/div>\n\t\t\t\t<\/div>\n\t\t\t\t<\/div>\n\t\t\t\t<\/div>\n\t\t<div class=\"elementor-element elementor-element-d077791 e-con-full e-flex e-con e-parent\" data-id=\"d077791\" data-element_type=\"container\" data-e-type=\"container\" data-settings=\"{&quot;_ha_eqh_enable&quot;:false}\">\n\t\t<div class=\"elementor-element elementor-element-4388016 e-con-full e-flex e-con e-child\" data-id=\"4388016\" data-element_type=\"container\" data-e-type=\"container\" data-settings=\"{&quot;_ha_eqh_enable&quot;:false}\">\n\t\t<div class=\"elementor-element elementor-element-160578a e-con-full e-flex e-con e-child\" data-id=\"160578a\" data-element_type=\"container\" data-e-type=\"container\" data-settings=\"{&quot;_ha_eqh_enable&quot;:false}\">\n\t\t\t\t<div class=\"elementor-element elementor-element-ca74795 elementor-widget elementor-widget-heading\" data-id=\"ca74795\" data-element_type=\"widget\" data-e-type=\"widget\" data-widget_type=\"heading.default\">\n\t\t\t\t<div class=\"elementor-widget-container\">\n\t\t\t\t\t<h2 class=\"elementor-heading-title elementor-size-default\">Construction efficace<\/h2>\t\t\t\t<\/div>\n\t\t\t\t<\/div>\n\t\t\t\t<\/div>\n\t\t\t\t<div class=\"elementor-element elementor-element-8590de7 elementor-widget elementor-widget-text-editor\" data-id=\"8590de7\" data-element_type=\"widget\" data-e-type=\"widget\" data-widget_type=\"text-editor.default\">\n\t\t\t\t<div class=\"elementor-widget-container\">\n\t\t\t\t\t\t\t\t\t<p><strong style=\"font-weight: 600;\">Drainage \u00e0 la source<br \/><\/strong>En fonction du niveau de la nappe phr\u00e9atique, une d\u00e9pression de la nappe phr\u00e9atique doit \u00eatre r\u00e9alis\u00e9e avant le d\u00e9but des fouilles. Cela garantit un environnement de travail sec et stable, permettant un travail s\u00fbr et efficace. Le drainage du puits doit \u00eatre r\u00e9alis\u00e9 par une entreprise sp\u00e9cialis\u00e9e dans ce domaine. Si vous le souhaitez, nous pouvons coordonner cela pour vous.<\/p><p><strong style=\"font-weight: 600;\">Travaux de terrassement<br \/><\/strong>D\u00e8s que le niveau de la nappe phr\u00e9atique aura suffisamment baiss\u00e9, les fouilles pourront commencer. Une partie du sol excav\u00e9 devra peut-\u00eatre \u00e9galement \u00eatre enlev\u00e9e. Le travail de base peut \u00eatre r\u00e9alis\u00e9 par nos soins ou vous pouvez faire appel vous-m\u00eame \u00e0 un ouvrier du terrain.<\/p><p><strong style=\"font-weight: 600;\">Coulage de la dalle de plancher<br \/><\/strong>Apr\u00e8s les fouilles, la dalle de plancher est pr\u00e9par\u00e9e et coul\u00e9e. Habituellement, la dalle de plancher a une \u00e9paisseur de 30 cm \u00e0 moins que les plans de l'ing\u00e9nieur ne pr\u00e9voient une \u00e9paisseur diff\u00e9rente. Un double treillis de renfort et un renfort de garde sont toujours utilis\u00e9s pour la liaison sol-mur. Pour rendre \u00e9tanche le joint entre le sol et le mur, une double rang\u00e9e de plaques de r\u00e9tention d'eau est plac\u00e9e. En option, le sol du sous-sol peut \u00eatre poli.<\/p><p><strong style=\"font-weight: 600;\">Coulage des murs en b\u00e9ton<br \/><\/strong>Le coffrage du syst\u00e8me est pos\u00e9 avec les armatures, apr\u00e8s quoi les murs en b\u00e9ton sont coul\u00e9s. L'\u00e9paisseur des murs en b\u00e9ton est adapt\u00e9e au projet, avec diff\u00e9rentes dimensions et \u00e9paisseurs possibles. Pour plus d'\u00e9tanch\u00e9it\u00e9, une plaque de r\u00e9tention d'eau peut \u00eatre plac\u00e9e en haut du mur et il est recommand\u00e9 de faire installer une toiture. Un drainage autour de la cave est fortement recommand\u00e9, notamment dans les sols peu perm\u00e9ables.<\/p>\t\t\t\t\t\t\t\t<\/div>\n\t\t\t\t<\/div>\n\t\t\t\t<\/div>\n\t\t<div class=\"elementor-element elementor-element-a3b625b e-con-full e-flex e-con e-child\" data-id=\"a3b625b\" data-element_type=\"container\" data-e-type=\"container\" data-settings=\"{&quot;background_background&quot;:&quot;video&quot;,&quot;background_video_link&quot;:&quot;https:\\\/\\\/vanlindenbvba.be\\\/wp-content\\\/uploads\\\/2024\\\/05\\\/IMG_2415.mp4&quot;,&quot;background_play_on_mobile&quot;:&quot;yes&quot;,&quot;_ha_eqh_enable&quot;:false}\">\n\t\t<div class=\"elementor-background-video-container\">\n\t\t\t\t\t\t\t<video class=\"elementor-background-video-hosted\" role=\"presentation\" autoplay muted playsinline loop><\/video>\n\t\t\t\t\t<\/div>\t\t<\/div>\n\t\t\t\t<\/div>\n\t\t<div class=\"elementor-element elementor-element-476e4d5 e-con-full e-flex e-con e-parent\" data-id=\"476e4d5\" data-element_type=\"container\" data-e-type=\"container\" data-settings=\"{&quot;_ha_eqh_enable&quot;:false}\">\n\t\t<div class=\"elementor-element elementor-element-b0ff1c1 e-con-full e-flex e-con e-child\" data-id=\"b0ff1c1\" data-element_type=\"container\" data-e-type=\"container\" data-settings=\"{&quot;background_background&quot;:&quot;classic&quot;,&quot;_ha_eqh_enable&quot;:false}\">\n\t\t\t\t<\/div>\n\t\t<div class=\"elementor-element elementor-element-91d117a e-con-full e-flex e-con e-child\" data-id=\"91d117a\" data-element_type=\"container\" data-e-type=\"container\" data-settings=\"{&quot;_ha_eqh_enable&quot;:false}\">\n\t\t<div class=\"elementor-element elementor-element-17e8c20 e-con-full e-flex e-con e-child\" data-id=\"17e8c20\" data-element_type=\"container\" data-e-type=\"container\" data-settings=\"{&quot;_ha_eqh_enable&quot;:false}\">\n\t\t\t\t<div class=\"elementor-element elementor-element-359814c elementor-widget elementor-widget-heading\" data-id=\"359814c\" data-element_type=\"widget\" data-e-type=\"widget\" data-widget_type=\"heading.default\">\n\t\t\t\t<div class=\"elementor-widget-container\">\n\t\t\t\t\t<h2 class=\"elementor-heading-title elementor-size-default\">Int\u00e9ress\u00e9?<\/h2>\t\t\t\t<\/div>\n\t\t\t\t<\/div>\n\t\t\t\t<\/div>\n\t\t\t\t<div class=\"elementor-element elementor-element-3441067 elementor-widget elementor-widget-heading\" data-id=\"3441067\" data-element_type=\"widget\" data-e-type=\"widget\" data-widget_type=\"heading.default\">\n\t\t\t\t<div class=\"elementor-widget-container\">\n\t\t\t\t\t<h2 class=\"elementor-heading-title elementor-size-default\">Chez Van Linden bv, l'efficacit\u00e9, la qualit\u00e9 et la satisfaction du client sont au c\u0153ur de chaque phase de notre processus de construction. Gr\u00e2ce \u00e0 notre approche efficace, nous fournissons des r\u00e9sultats qui r\u00e9pondent \u00e0 toutes vos attentes.<\/h2>\t\t\t\t<\/div>\n\t\t\t\t<\/div>\n\t\t\t\t<div class=\"elementor-element elementor-element-0568c98 elementor-widget elementor-widget-button\" data-id=\"0568c98\" data-element_type=\"widget\" data-e-type=\"widget\" data-widget_type=\"button.default\">\n\t\t\t\t<div class=\"elementor-widget-container\">\n\t\t\t\t\t\t\t\t\t<div class=\"elementor-button-wrapper\">\n\t\t\t\t\t<a class=\"elementor-button elementor-button-link elementor-size-sm\" href=\"https:\/\/vanlindenbvba.be\/fr\/contact\/\">\n\t\t\t\t\t\t<span class=\"elementor-button-content-wrapper\">\n\t\t\t\t\t\t\t\t\t<span class=\"elementor-button-text\">Contactez nous<\/span>\n\t\t\t\t\t<\/span>\n\t\t\t\t\t<\/a>\n\t\t\t\t<\/div>\n\t\t\t\t\t\t\t\t<\/div>\n\t\t\t\t<\/div>\n\t\t\t\t<\/div>\n\t\t\t\t<\/div>\n\t\t\t\t<\/div>","protected":false},"excerpt":{"rendered":"<p>Werkwijze Dankzij onze effici\u00ebnte aanpak kunnen wij werk leveren aan een scherpe prijs Effici\u00ebnt Bouwen BronbemalingAfhankelijk van de grondwaterstand dient er een grondwaterverlaging geplaatst te worden voordat de uitgravingen kunnen beginnen. Dit zorgt voor een droge en stabiele werkomgeving waardoor er veilig en effici\u00ebnt kan gewerkt worden. De bronbemaling dient te worden uitgevoerd door een [&hellip;]<\/p>","protected":false},"author":1,"featured_media":0,"parent":0,"menu_order":0,"comment_status":"closed","ping_status":"closed","template":"","meta":{"footnotes":""},"class_list":["post-460","page","type-page","status-publish","hentry"],"yoast_head":"<!-- This site is optimized with the Yoast SEO plugin v26.9 - https:\/\/yoast.com\/product\/yoast-seo-wordpress\/ -->\n<title>Werkwijze betonwerken | Van offerte tot oplevering | Van Linden bv<\/title>\n<meta name=\"description\" content=\"Ontdek de werkwijze van Van Linden BVBA. Van offerte tot oplevering begeleiden wij u stap voor stap bij betonwerken en betonkelders.\" \/>\n<meta name=\"robots\" content=\"index, follow, max-snippet:-1, max-image-preview:large, max-video-preview:-1\" \/>\n<link rel=\"canonical\" href=\"https:\/\/vanlindenbvba.be\/fr\/werkwijze\/\" \/>\n<meta property=\"og:locale\" content=\"fr_FR\" \/>\n<meta property=\"og:type\" content=\"article\" \/>\n<meta property=\"og:title\" content=\"Werkwijze betonwerken | Van offerte tot oplevering | Van Linden bv\" \/>\n<meta property=\"og:description\" content=\"Ontdek de werkwijze van Van Linden BVBA. Van offerte tot oplevering begeleiden wij u stap voor stap bij betonwerken en betonkelders.\" \/>\n<meta property=\"og:url\" content=\"https:\/\/vanlindenbvba.be\/fr\/werkwijze\/\" \/>\n<meta property=\"og:site_name\" content=\"Van Linden - Betonkelders\" \/>\n<meta property=\"article:modified_time\" content=\"2026-02-10T14:37:27+00:00\" \/>\n<meta name=\"twitter:card\" content=\"summary_large_image\" \/>\n<meta name=\"twitter:label1\" content=\"Dur\u00e9e de lecture est.\" \/>\n\t<meta name=\"twitter:data1\" content=\"2 minutes\" \/>\n<script type=\"application\/ld+json\" class=\"yoast-schema-graph\">{\"@context\":\"https:\/\/schema.org\",\"@graph\":[{\"@type\":\"WebPage\",\"@id\":\"https:\/\/vanlindenbvba.be\/werkwijze\/\",\"url\":\"https:\/\/vanlindenbvba.be\/werkwijze\/\",\"name\":\"Werkwijze betonwerken | Van offerte tot oplevering | Van Linden bv\",\"isPartOf\":{\"@id\":\"https:\/\/vanlindenbvba.be\/#website\"},\"datePublished\":\"2024-05-16T14:52:08+00:00\",\"dateModified\":\"2026-02-10T14:37:27+00:00\",\"description\":\"Ontdek de werkwijze van Van Linden BVBA. Van offerte tot oplevering begeleiden wij u stap voor stap bij betonwerken en betonkelders.\",\"breadcrumb\":{\"@id\":\"https:\/\/vanlindenbvba.be\/werkwijze\/#breadcrumb\"},\"inLanguage\":\"fr-BE\",\"potentialAction\":[{\"@type\":\"ReadAction\",\"target\":[\"https:\/\/vanlindenbvba.be\/werkwijze\/\"]}]},{\"@type\":\"BreadcrumbList\",\"@id\":\"https:\/\/vanlindenbvba.be\/werkwijze\/#breadcrumb\",\"itemListElement\":[{\"@type\":\"ListItem\",\"position\":1,\"name\":\"Home\",\"item\":\"https:\/\/vanlindenbvba.be\/\"},{\"@type\":\"ListItem\",\"position\":2,\"name\":\"Werkwijze\"}]},{\"@type\":\"WebSite\",\"@id\":\"https:\/\/vanlindenbvba.be\/#website\",\"url\":\"https:\/\/vanlindenbvba.be\/\",\"name\":\"Van Linden - Betonkelders\",\"description\":\"\",\"publisher\":{\"@id\":\"https:\/\/vanlindenbvba.be\/#organization\"},\"potentialAction\":[{\"@type\":\"SearchAction\",\"target\":{\"@type\":\"EntryPoint\",\"urlTemplate\":\"https:\/\/vanlindenbvba.be\/?s={search_term_string}\"},\"query-input\":{\"@type\":\"PropertyValueSpecification\",\"valueRequired\":true,\"valueName\":\"search_term_string\"}}],\"inLanguage\":\"fr-BE\"},{\"@type\":\"Organization\",\"@id\":\"https:\/\/vanlindenbvba.be\/#organization\",\"name\":\"Van Linden - Betonkelders\",\"url\":\"https:\/\/vanlindenbvba.be\/\",\"logo\":{\"@type\":\"ImageObject\",\"inLanguage\":\"fr-BE\",\"@id\":\"https:\/\/vanlindenbvba.be\/#\/schema\/logo\/image\/\",\"url\":\"https:\/\/vanlindenbvba.be\/wp-content\/uploads\/2024\/05\/Logo-Van-Linden-betonwerken-Verdeeld-NL-1536x369-1.png\",\"contentUrl\":\"https:\/\/vanlindenbvba.be\/wp-content\/uploads\/2024\/05\/Logo-Van-Linden-betonwerken-Verdeeld-NL-1536x369-1.png\",\"width\":1536,\"height\":369,\"caption\":\"Van Linden - Betonkelders\"},\"image\":{\"@id\":\"https:\/\/vanlindenbvba.be\/#\/schema\/logo\/image\/\"}}]}<\/script>\n<!-- \/ Yoast SEO plugin. -->","yoast_head_json":{"title":"Werkwijze betonwerken | Van offerte tot oplevering | Van Linden bv","description":"Ontdek de werkwijze van Van Linden BVBA. Van offerte tot oplevering begeleiden wij u stap voor stap bij betonwerken en betonkelders.","robots":{"index":"index","follow":"follow","max-snippet":"max-snippet:-1","max-image-preview":"max-image-preview:large","max-video-preview":"max-video-preview:-1"},"canonical":"https:\/\/vanlindenbvba.be\/fr\/werkwijze\/","og_locale":"fr_FR","og_type":"article","og_title":"Werkwijze betonwerken | Van offerte tot oplevering | Van Linden bv","og_description":"Ontdek de werkwijze van Van Linden BVBA. Van offerte tot oplevering begeleiden wij u stap voor stap bij betonwerken en betonkelders.","og_url":"https:\/\/vanlindenbvba.be\/fr\/werkwijze\/","og_site_name":"Van Linden - Betonkelders","article_modified_time":"2026-02-10T14:37:27+00:00","twitter_card":"summary_large_image","twitter_misc":{"Dur\u00e9e de lecture est.":"2 minutes"},"schema":{"@context":"https:\/\/schema.org","@graph":[{"@type":"WebPage","@id":"https:\/\/vanlindenbvba.be\/werkwijze\/","url":"https:\/\/vanlindenbvba.be\/werkwijze\/","name":"Werkwijze betonwerken | Van offerte tot oplevering | Van Linden bv","isPartOf":{"@id":"https:\/\/vanlindenbvba.be\/#website"},"datePublished":"2024-05-16T14:52:08+00:00","dateModified":"2026-02-10T14:37:27+00:00","description":"Ontdek de werkwijze van Van Linden BVBA. Van offerte tot oplevering begeleiden wij u stap voor stap bij betonwerken en betonkelders.","breadcrumb":{"@id":"https:\/\/vanlindenbvba.be\/werkwijze\/#breadcrumb"},"inLanguage":"fr-BE","potentialAction":[{"@type":"ReadAction","target":["https:\/\/vanlindenbvba.be\/werkwijze\/"]}]},{"@type":"BreadcrumbList","@id":"https:\/\/vanlindenbvba.be\/werkwijze\/#breadcrumb","itemListElement":[{"@type":"ListItem","position":1,"name":"Home","item":"https:\/\/vanlindenbvba.be\/"},{"@type":"ListItem","position":2,"name":"Werkwijze"}]},{"@type":"WebSite","@id":"https:\/\/vanlindenbvba.be\/#website","url":"https:\/\/vanlindenbvba.be\/","name":"Van Linden - Betonkelders","description":"","publisher":{"@id":"https:\/\/vanlindenbvba.be\/#organization"},"potentialAction":[{"@type":"SearchAction","target":{"@type":"EntryPoint","urlTemplate":"https:\/\/vanlindenbvba.be\/?s={search_term_string}"},"query-input":{"@type":"PropertyValueSpecification","valueRequired":true,"valueName":"search_term_string"}}],"inLanguage":"fr-BE"},{"@type":"Organization","@id":"https:\/\/vanlindenbvba.be\/#organization","name":"Van Linden - Betonkelders","url":"https:\/\/vanlindenbvba.be\/","logo":{"@type":"ImageObject","inLanguage":"fr-BE","@id":"https:\/\/vanlindenbvba.be\/#\/schema\/logo\/image\/","url":"https:\/\/vanlindenbvba.be\/wp-content\/uploads\/2024\/05\/Logo-Van-Linden-betonwerken-Verdeeld-NL-1536x369-1.png","contentUrl":"https:\/\/vanlindenbvba.be\/wp-content\/uploads\/2024\/05\/Logo-Van-Linden-betonwerken-Verdeeld-NL-1536x369-1.png","width":1536,"height":369,"caption":"Van Linden - Betonkelders"},"image":{"@id":"https:\/\/vanlindenbvba.be\/#\/schema\/logo\/image\/"}}]}},"_links":{"self":[{"href":"https:\/\/vanlindenbvba.be\/fr\/wp-json\/wp\/v2\/pages\/460","targetHints":{"allow":["GET"]}}],"collection":[{"href":"https:\/\/vanlindenbvba.be\/fr\/wp-json\/wp\/v2\/pages"}],"about":[{"href":"https:\/\/vanlindenbvba.be\/fr\/wp-json\/wp\/v2\/types\/page"}],"author":[{"embeddable":true,"href":"https:\/\/vanlindenbvba.be\/fr\/wp-json\/wp\/v2\/users\/1"}],"replies":[{"embeddable":true,"href":"https:\/\/vanlindenbvba.be\/fr\/wp-json\/wp\/v2\/comments?post=460"}],"version-history":[{"count":55,"href":"https:\/\/vanlindenbvba.be\/fr\/wp-json\/wp\/v2\/pages\/460\/revisions"}],"predecessor-version":[{"id":998,"href":"https:\/\/vanlindenbvba.be\/fr\/wp-json\/wp\/v2\/pages\/460\/revisions\/998"}],"wp:attachment":[{"href":"https:\/\/vanlindenbvba.be\/fr\/wp-json\/wp\/v2\/media?parent=460"}],"curies":[{"name":"wp","href":"https:\/\/api.w.org\/{rel}","templated":true}]}}