{"id":409,"date":"2024-05-16T13:35:20","date_gmt":"2024-05-16T13:35:20","guid":{"rendered":"https:\/\/siteadmin.be\/127vanlindenbvba\/?page_id=409"},"modified":"2026-02-10T14:41:30","modified_gmt":"2026-02-10T14:41:30","slug":"betonwerken","status":"publish","type":"page","link":"https:\/\/vanlindenbvba.be\/fr\/betonwerken\/","title":{"rendered":"Travail concret"},"content":{"rendered":"<div data-elementor-type=\"wp-page\" data-elementor-id=\"409\" class=\"elementor elementor-409\" data-elementor-settings=\"{&quot;ha_cmc_init_switcher&quot;:&quot;no&quot;}\">\n\t\t\t\t<div class=\"elementor-element elementor-element-5a58fae e-con-full e-flex e-con e-parent\" data-id=\"5a58fae\" data-element_type=\"container\" data-e-type=\"container\" data-settings=\"{&quot;background_background&quot;:&quot;classic&quot;,&quot;_ha_eqh_enable&quot;:false}\">\n\t\t<div class=\"elementor-element elementor-element-d74328f e-con-full e-flex e-con e-child\" data-id=\"d74328f\" data-element_type=\"container\" data-e-type=\"container\" data-settings=\"{&quot;_ha_eqh_enable&quot;:false}\">\n\t\t\t\t<div class=\"elementor-element elementor-element-fbc4591 elementor-widget elementor-widget-heading\" data-id=\"fbc4591\" data-element_type=\"widget\" data-e-type=\"widget\" data-widget_type=\"heading.default\">\n\t\t\t\t<div class=\"elementor-widget-container\">\n\t\t\t\t\t<h2 class=\"elementor-heading-title elementor-size-default\">Travail concret<\/h2>\t\t\t\t<\/div>\n\t\t\t\t<\/div>\n\t\t\t\t<div class=\"elementor-element elementor-element-a087e18 elementor-widget elementor-widget-heading\" data-id=\"a087e18\" data-element_type=\"widget\" data-e-type=\"widget\" data-widget_type=\"heading.default\">\n\t\t\t\t<div class=\"elementor-widget-container\">\n\t\t\t\t\t<h2 class=\"elementor-heading-title elementor-size-default\">pour tous les projets agricoles, industriels, commerciaux ou r\u00e9sidentiels<\/h2>\t\t\t\t<\/div>\n\t\t\t\t<\/div>\n\t\t\t\t<\/div>\n\t\t\t\t<\/div>\n\t\t<div class=\"elementor-element elementor-element-d077791 e-con-full e-flex e-con e-parent\" data-id=\"d077791\" data-element_type=\"container\" data-e-type=\"container\" data-settings=\"{&quot;_ha_eqh_enable&quot;:false}\">\n\t\t<div class=\"elementor-element elementor-element-4388016 e-con-full e-flex e-con e-child\" data-id=\"4388016\" data-element_type=\"container\" data-e-type=\"container\" data-settings=\"{&quot;_ha_eqh_enable&quot;:false}\">\n\t\t<div class=\"elementor-element elementor-element-160578a e-con-full e-flex e-con e-child\" data-id=\"160578a\" data-element_type=\"container\" data-e-type=\"container\" data-settings=\"{&quot;_ha_eqh_enable&quot;:false}\">\n\t\t\t\t<div class=\"elementor-element elementor-element-ca74795 elementor-widget elementor-widget-heading\" data-id=\"ca74795\" data-element_type=\"widget\" data-e-type=\"widget\" data-widget_type=\"heading.default\">\n\t\t\t\t<div class=\"elementor-widget-container\">\n\t\t\t\t\t<h2 class=\"elementor-heading-title elementor-size-default\">De l'agricole<\/h2>\t\t\t\t<\/div>\n\t\t\t\t<\/div>\n\t\t\t\t<div class=\"elementor-element elementor-element-6f557a6 elementor-widget elementor-widget-heading\" data-id=\"6f557a6\" data-element_type=\"widget\" data-e-type=\"widget\" data-widget_type=\"heading.default\">\n\t\t\t\t<div class=\"elementor-widget-container\">\n\t\t\t\t\t<h2 class=\"elementor-heading-title elementor-size-default\">au r\u00e9sidentiel<\/h2>\t\t\t\t<\/div>\n\t\t\t\t<\/div>\n\t\t\t\t<\/div>\n\t\t\t\t<div class=\"elementor-element elementor-element-4e99d22 elementor-widget elementor-widget-heading\" data-id=\"4e99d22\" data-element_type=\"widget\" data-e-type=\"widget\" data-widget_type=\"heading.default\">\n\t\t\t\t<div class=\"elementor-widget-container\">\n\t\t\t\t\t<h2 class=\"elementor-heading-title elementor-size-default\">Le b\u00e9ton est un mat\u00e9riau polyvalent qui se pr\u00eate \u00e0 de nombreuses applications dans divers secteurs. Chez Van Linden BV, nous sommes sp\u00e9cialis\u00e9s depuis 25 ans dans la fourniture de travaux en b\u00e9ton de haute qualit\u00e9 qui r\u00e9pondent aux exigences sp\u00e9cifiques de nos clients. Qu'il s'agisse de projets agricoles, industriels, commerciaux ou r\u00e9sidentiels, nous avons l'exp\u00e9rience et l'expertise n\u00e9cessaires pour r\u00e9aliser les travaux dont vous avez besoin.<\/h2>\t\t\t\t<\/div>\n\t\t\t\t<\/div>\n\t\t\t\t<\/div>\n\t\t<div class=\"elementor-element elementor-element-a3b625b e-con-full e-flex e-con e-child\" data-id=\"a3b625b\" data-element_type=\"container\" data-e-type=\"container\" data-settings=\"{&quot;background_background&quot;:&quot;video&quot;,&quot;background_play_on_mobile&quot;:&quot;yes&quot;,&quot;_ha_eqh_enable&quot;:false}\">\n\t\t\t\t<\/div>\n\t\t\t\t<\/div>\n\t\t<div class=\"elementor-element elementor-element-476e4d5 e-con-full e-flex e-con e-parent\" data-id=\"476e4d5\" data-element_type=\"container\" data-e-type=\"container\" data-settings=\"{&quot;_ha_eqh_enable&quot;:false}\">\n\t\t<div class=\"elementor-element elementor-element-b0ff1c1 e-con-full e-flex e-con e-child\" data-id=\"b0ff1c1\" data-element_type=\"container\" data-e-type=\"container\" data-settings=\"{&quot;background_background&quot;:&quot;classic&quot;,&quot;_ha_eqh_enable&quot;:false}\">\n\t\t\t\t<\/div>\n\t\t<div class=\"elementor-element elementor-element-91d117a e-con-full e-flex e-con e-child\" data-id=\"91d117a\" data-element_type=\"container\" data-e-type=\"container\" data-settings=\"{&quot;_ha_eqh_enable&quot;:false}\">\n\t\t<div class=\"elementor-element elementor-element-17e8c20 e-con-full e-flex e-con e-child\" data-id=\"17e8c20\" data-element_type=\"container\" data-e-type=\"container\" data-settings=\"{&quot;_ha_eqh_enable&quot;:false}\">\n\t\t\t\t<div class=\"elementor-element elementor-element-359814c elementor-widget elementor-widget-heading\" data-id=\"359814c\" data-element_type=\"widget\" data-e-type=\"widget\" data-widget_type=\"heading.default\">\n\t\t\t\t<div class=\"elementor-widget-container\">\n\t\t\t\t\t<h2 class=\"elementor-heading-title elementor-size-default\">Notre d\u00e9vouement\n\n<\/h2>\t\t\t\t<\/div>\n\t\t\t\t<\/div>\n\t\t\t\t<\/div>\n\t\t\t\t<div class=\"elementor-element elementor-element-3441067 elementor-widget elementor-widget-heading\" data-id=\"3441067\" data-element_type=\"widget\" data-e-type=\"widget\" data-widget_type=\"heading.default\">\n\t\t\t\t<div class=\"elementor-widget-container\">\n\t\t\t\t\t<h2 class=\"elementor-heading-title elementor-size-default\">Vous ne serez pas surpris que Van Linden BV soit d\u00e9sormais devenu un nom bien \u00e9tabli dans le domaine du b\u00e9ton coul\u00e9 et des structures en b\u00e9ton. Nos clients nous f\u00e9licitent pour notre livraison efficace et de haute qualit\u00e9. Lorsque vous choisissez Van Linden BV, vous choisissez la fiabilit\u00e9, le savoir-faire et un partenaire qui comprend vos besoins sp\u00e9cifiques.<\/h2>\t\t\t\t<\/div>\n\t\t\t\t<\/div>\n\t\t\t\t<\/div>\n\t\t\t\t<\/div>\n\t\t<div class=\"elementor-element elementor-element-c8ca3a7 e-con-full e-flex e-con e-parent\" data-id=\"c8ca3a7\" data-element_type=\"container\" data-e-type=\"container\" data-settings=\"{&quot;_ha_eqh_enable&quot;:false}\">\n\t\t<div class=\"elementor-element elementor-element-e8ae099 e-con-full e-flex e-con e-child\" data-id=\"e8ae099\" data-element_type=\"container\" data-e-type=\"container\" data-settings=\"{&quot;_ha_eqh_enable&quot;:false}\">\n\t\t<div class=\"elementor-element elementor-element-b99d9d3 e-con-full e-flex e-con e-child\" data-id=\"b99d9d3\" data-element_type=\"container\" data-e-type=\"container\" data-settings=\"{&quot;_ha_eqh_enable&quot;:false}\">\n\t\t\t\t<div class=\"elementor-element elementor-element-9c46261 elementor-widget elementor-widget-heading\" data-id=\"9c46261\" data-element_type=\"widget\" data-e-type=\"widget\" data-widget_type=\"heading.default\">\n\t\t\t\t<div class=\"elementor-widget-container\">\n\t\t\t\t\t<h2 class=\"elementor-heading-title elementor-size-default\">Notre Expertise, <\/h2>\t\t\t\t<\/div>\n\t\t\t\t<\/div>\n\t\t\t\t<div class=\"elementor-element elementor-element-0b2b408 elementor-widget elementor-widget-heading\" data-id=\"0b2b408\" data-element_type=\"widget\" data-e-type=\"widget\" data-widget_type=\"heading.default\">\n\t\t\t\t<div class=\"elementor-widget-container\">\n\t\t\t\t\t<h2 class=\"elementor-heading-title elementor-size-default\">votre garantie<\/h2>\t\t\t\t<\/div>\n\t\t\t\t<\/div>\n\t\t\t\t<\/div>\n\t\t\t\t<div class=\"elementor-element elementor-element-4935504 elementor-widget elementor-widget-heading\" data-id=\"4935504\" data-element_type=\"widget\" data-e-type=\"widget\" data-widget_type=\"heading.default\">\n\t\t\t\t<div class=\"elementor-widget-container\">\n\t\t\t\t\t<h2 class=\"elementor-heading-title elementor-size-default\"> Que vous ayez besoin de fosses \u00e0 fumier en b\u00e9ton, de puisards, de silos \u00e0 ma\u00efs, de planchers en caillebotis, de murs de sout\u00e8nement ou d'autres structures en b\u00e9ton, nous sommes pr\u00eats \u00e0 vous aider. <br \/><br \/>Contactez-nous d\u00e8s aujourd'hui pour une solution sur mesure qui r\u00e9pond \u00e0 toutes vos exigences. Avec Van Linden BV, vous obtenez l\u2019expertise que votre projet m\u00e9rite.<\/h2>\t\t\t\t<\/div>\n\t\t\t\t<\/div>\n\t\t\t\t<div class=\"elementor-element elementor-element-1172c5b elementor-widget elementor-widget-button\" data-id=\"1172c5b\" data-element_type=\"widget\" data-e-type=\"widget\" data-widget_type=\"button.default\">\n\t\t\t\t<div class=\"elementor-widget-container\">\n\t\t\t\t\t\t\t\t\t<div class=\"elementor-button-wrapper\">\n\t\t\t\t\t<a class=\"elementor-button elementor-button-link elementor-size-sm\" href=\"https:\/\/vanlindenbvba.be\/fr\/contact\/\">\n\t\t\t\t\t\t<span class=\"elementor-button-content-wrapper\">\n\t\t\t\t\t\t\t\t\t<span class=\"elementor-button-text\">Contactez nous<\/span>\n\t\t\t\t\t<\/span>\n\t\t\t\t\t<\/a>\n\t\t\t\t<\/div>\n\t\t\t\t\t\t\t\t<\/div>\n\t\t\t\t<\/div>\n\t\t\t\t<\/div>\n\t\t<div class=\"elementor-element elementor-element-04a788b e-con-full e-flex e-con e-child\" data-id=\"04a788b\" data-element_type=\"container\" data-e-type=\"container\" data-settings=\"{&quot;background_background&quot;:&quot;classic&quot;,&quot;_ha_eqh_enable&quot;:false}\">\n\t\t\t\t<\/div>\n\t\t\t\t<\/div>\n\t\t\t\t<\/div>","protected":false},"excerpt":{"rendered":"<p>BetonWERKEn voor alle agrarische, industri\u00eble, commerci\u00eble of residenti\u00eble projecten Van agrarisch tot residentieel Beton is een veelzijdig materiaal dat zich leent voor tal van toepassingen in diverse sectoren. Bij Van Linden BV hebben we ons de afgelopen 25 jaar gespecialiseerd in het leveren van hoogkwalitatieve betonwerken die voldoen aan de specifieke eisen van onze klanten. [&hellip;]<\/p>","protected":false},"author":1,"featured_media":0,"parent":0,"menu_order":0,"comment_status":"closed","ping_status":"closed","template":"","meta":{"footnotes":""},"class_list":["post-409","page","type-page","status-publish","hentry"],"yoast_head":"<!-- This site is optimized with the Yoast SEO plugin v26.9 - https:\/\/yoast.com\/product\/yoast-seo-wordpress\/ -->\n<title>Betonwerken in Puurs-Sint-Amands | Van Linden bv<\/title>\n<meta name=\"description\" content=\"Betonwerken op maat: mestkelders, beerputten, ma\u00efssilo\u2019s, roostervloeren, keermuren en betonconstructies. Kies voor kwaliteit en ervaring.\" \/>\n<meta name=\"robots\" content=\"index, follow, max-snippet:-1, max-image-preview:large, max-video-preview:-1\" \/>\n<link rel=\"canonical\" href=\"https:\/\/vanlindenbvba.be\/fr\/betonwerken\/\" \/>\n<meta property=\"og:locale\" content=\"fr_FR\" \/>\n<meta property=\"og:type\" content=\"article\" \/>\n<meta property=\"og:title\" content=\"Betonwerken in Puurs-Sint-Amands | Van Linden bv\" \/>\n<meta property=\"og:description\" content=\"Betonwerken op maat: mestkelders, beerputten, ma\u00efssilo\u2019s, roostervloeren, keermuren en betonconstructies. Kies voor kwaliteit en ervaring.\" \/>\n<meta property=\"og:url\" content=\"https:\/\/vanlindenbvba.be\/fr\/betonwerken\/\" \/>\n<meta property=\"og:site_name\" content=\"Van Linden - Betonkelders\" \/>\n<meta property=\"article:modified_time\" content=\"2026-02-10T14:41:30+00:00\" \/>\n<meta name=\"twitter:card\" content=\"summary_large_image\" \/>\n<meta name=\"twitter:label1\" content=\"Dur\u00e9e de lecture est.\" \/>\n\t<meta name=\"twitter:data1\" content=\"1 minute\" \/>\n<script type=\"application\/ld+json\" class=\"yoast-schema-graph\">{\"@context\":\"https:\/\/schema.org\",\"@graph\":[{\"@type\":\"WebPage\",\"@id\":\"https:\/\/vanlindenbvba.be\/betonwerken\/\",\"url\":\"https:\/\/vanlindenbvba.be\/betonwerken\/\",\"name\":\"Betonwerken in Puurs-Sint-Amands | Van Linden bv\",\"isPartOf\":{\"@id\":\"https:\/\/vanlindenbvba.be\/#website\"},\"datePublished\":\"2024-05-16T13:35:20+00:00\",\"dateModified\":\"2026-02-10T14:41:30+00:00\",\"description\":\"Betonwerken op maat: mestkelders, beerputten, ma\u00efssilo\u2019s, roostervloeren, keermuren en betonconstructies. Kies voor kwaliteit en ervaring.\",\"breadcrumb\":{\"@id\":\"https:\/\/vanlindenbvba.be\/betonwerken\/#breadcrumb\"},\"inLanguage\":\"fr-BE\",\"potentialAction\":[{\"@type\":\"ReadAction\",\"target\":[\"https:\/\/vanlindenbvba.be\/betonwerken\/\"]}]},{\"@type\":\"BreadcrumbList\",\"@id\":\"https:\/\/vanlindenbvba.be\/betonwerken\/#breadcrumb\",\"itemListElement\":[{\"@type\":\"ListItem\",\"position\":1,\"name\":\"Home\",\"item\":\"https:\/\/vanlindenbvba.be\/\"},{\"@type\":\"ListItem\",\"position\":2,\"name\":\"Betonwerken\"}]},{\"@type\":\"WebSite\",\"@id\":\"https:\/\/vanlindenbvba.be\/#website\",\"url\":\"https:\/\/vanlindenbvba.be\/\",\"name\":\"Van Linden - Betonkelders\",\"description\":\"\",\"publisher\":{\"@id\":\"https:\/\/vanlindenbvba.be\/#organization\"},\"potentialAction\":[{\"@type\":\"SearchAction\",\"target\":{\"@type\":\"EntryPoint\",\"urlTemplate\":\"https:\/\/vanlindenbvba.be\/?s={search_term_string}\"},\"query-input\":{\"@type\":\"PropertyValueSpecification\",\"valueRequired\":true,\"valueName\":\"search_term_string\"}}],\"inLanguage\":\"fr-BE\"},{\"@type\":\"Organization\",\"@id\":\"https:\/\/vanlindenbvba.be\/#organization\",\"name\":\"Van Linden - Betonkelders\",\"url\":\"https:\/\/vanlindenbvba.be\/\",\"logo\":{\"@type\":\"ImageObject\",\"inLanguage\":\"fr-BE\",\"@id\":\"https:\/\/vanlindenbvba.be\/#\/schema\/logo\/image\/\",\"url\":\"https:\/\/vanlindenbvba.be\/wp-content\/uploads\/2024\/05\/Logo-Van-Linden-betonwerken-Verdeeld-NL-1536x369-1.png\",\"contentUrl\":\"https:\/\/vanlindenbvba.be\/wp-content\/uploads\/2024\/05\/Logo-Van-Linden-betonwerken-Verdeeld-NL-1536x369-1.png\",\"width\":1536,\"height\":369,\"caption\":\"Van Linden - Betonkelders\"},\"image\":{\"@id\":\"https:\/\/vanlindenbvba.be\/#\/schema\/logo\/image\/\"}}]}<\/script>\n<!-- \/ Yoast SEO plugin. -->","yoast_head_json":{"title":"Betonwerken in Puurs-Sint-Amands | Van Linden bv","description":"Betonwerken op maat: mestkelders, beerputten, ma\u00efssilo\u2019s, roostervloeren, keermuren en betonconstructies. Kies voor kwaliteit en ervaring.","robots":{"index":"index","follow":"follow","max-snippet":"max-snippet:-1","max-image-preview":"max-image-preview:large","max-video-preview":"max-video-preview:-1"},"canonical":"https:\/\/vanlindenbvba.be\/fr\/betonwerken\/","og_locale":"fr_FR","og_type":"article","og_title":"Betonwerken in Puurs-Sint-Amands | Van Linden bv","og_description":"Betonwerken op maat: mestkelders, beerputten, ma\u00efssilo\u2019s, roostervloeren, keermuren en betonconstructies. Kies voor kwaliteit en ervaring.","og_url":"https:\/\/vanlindenbvba.be\/fr\/betonwerken\/","og_site_name":"Van Linden - Betonkelders","article_modified_time":"2026-02-10T14:41:30+00:00","twitter_card":"summary_large_image","twitter_misc":{"Dur\u00e9e de lecture est.":"1 minute"},"schema":{"@context":"https:\/\/schema.org","@graph":[{"@type":"WebPage","@id":"https:\/\/vanlindenbvba.be\/betonwerken\/","url":"https:\/\/vanlindenbvba.be\/betonwerken\/","name":"Betonwerken in Puurs-Sint-Amands | Van Linden bv","isPartOf":{"@id":"https:\/\/vanlindenbvba.be\/#website"},"datePublished":"2024-05-16T13:35:20+00:00","dateModified":"2026-02-10T14:41:30+00:00","description":"Betonwerken op maat: mestkelders, beerputten, ma\u00efssilo\u2019s, roostervloeren, keermuren en betonconstructies. Kies voor kwaliteit en ervaring.","breadcrumb":{"@id":"https:\/\/vanlindenbvba.be\/betonwerken\/#breadcrumb"},"inLanguage":"fr-BE","potentialAction":[{"@type":"ReadAction","target":["https:\/\/vanlindenbvba.be\/betonwerken\/"]}]},{"@type":"BreadcrumbList","@id":"https:\/\/vanlindenbvba.be\/betonwerken\/#breadcrumb","itemListElement":[{"@type":"ListItem","position":1,"name":"Home","item":"https:\/\/vanlindenbvba.be\/"},{"@type":"ListItem","position":2,"name":"Betonwerken"}]},{"@type":"WebSite","@id":"https:\/\/vanlindenbvba.be\/#website","url":"https:\/\/vanlindenbvba.be\/","name":"Van Linden - Betonkelders","description":"","publisher":{"@id":"https:\/\/vanlindenbvba.be\/#organization"},"potentialAction":[{"@type":"SearchAction","target":{"@type":"EntryPoint","urlTemplate":"https:\/\/vanlindenbvba.be\/?s={search_term_string}"},"query-input":{"@type":"PropertyValueSpecification","valueRequired":true,"valueName":"search_term_string"}}],"inLanguage":"fr-BE"},{"@type":"Organization","@id":"https:\/\/vanlindenbvba.be\/#organization","name":"Van Linden - Betonkelders","url":"https:\/\/vanlindenbvba.be\/","logo":{"@type":"ImageObject","inLanguage":"fr-BE","@id":"https:\/\/vanlindenbvba.be\/#\/schema\/logo\/image\/","url":"https:\/\/vanlindenbvba.be\/wp-content\/uploads\/2024\/05\/Logo-Van-Linden-betonwerken-Verdeeld-NL-1536x369-1.png","contentUrl":"https:\/\/vanlindenbvba.be\/wp-content\/uploads\/2024\/05\/Logo-Van-Linden-betonwerken-Verdeeld-NL-1536x369-1.png","width":1536,"height":369,"caption":"Van Linden - Betonkelders"},"image":{"@id":"https:\/\/vanlindenbvba.be\/#\/schema\/logo\/image\/"}}]}},"_links":{"self":[{"href":"https:\/\/vanlindenbvba.be\/fr\/wp-json\/wp\/v2\/pages\/409","targetHints":{"allow":["GET"]}}],"collection":[{"href":"https:\/\/vanlindenbvba.be\/fr\/wp-json\/wp\/v2\/pages"}],"about":[{"href":"https:\/\/vanlindenbvba.be\/fr\/wp-json\/wp\/v2\/types\/page"}],"author":[{"embeddable":true,"href":"https:\/\/vanlindenbvba.be\/fr\/wp-json\/wp\/v2\/users\/1"}],"replies":[{"embeddable":true,"href":"https:\/\/vanlindenbvba.be\/fr\/wp-json\/wp\/v2\/comments?post=409"}],"version-history":[{"count":91,"href":"https:\/\/vanlindenbvba.be\/fr\/wp-json\/wp\/v2\/pages\/409\/revisions"}],"predecessor-version":[{"id":995,"href":"https:\/\/vanlindenbvba.be\/fr\/wp-json\/wp\/v2\/pages\/409\/revisions\/995"}],"wp:attachment":[{"href":"https:\/\/vanlindenbvba.be\/fr\/wp-json\/wp\/v2\/media?parent=409"}],"curies":[{"name":"wp","href":"https:\/\/api.w.org\/{rel}","templated":true}]}}