{"id":112,"date":"2024-05-16T07:54:41","date_gmt":"2024-05-16T07:54:41","guid":{"rendered":"https:\/\/siteadmin.be\/127vanlindenbvba\/?page_id=112"},"modified":"2026-02-10T14:39:13","modified_gmt":"2026-02-10T14:39:13","slug":"home","status":"publish","type":"page","link":"https:\/\/vanlindenbvba.be\/fr\/","title":{"rendered":"Home"},"content":{"rendered":"<div data-elementor-type=\"wp-page\" data-elementor-id=\"112\" class=\"elementor elementor-112\" data-elementor-settings=\"{&quot;ha_cmc_init_switcher&quot;:&quot;no&quot;}\">\n\t\t\t\t<div class=\"elementor-element elementor-element-5a58fae e-con-full e-flex e-con e-parent\" data-id=\"5a58fae\" data-element_type=\"container\" data-e-type=\"container\" data-settings=\"{&quot;background_background&quot;:&quot;video&quot;,&quot;background_video_link&quot;:&quot;https:\\\/\\\/vanlindenbvba.be\\\/wp-content\\\/uploads\\\/2024\\\/05\\\/vanlinden-video.mp4&quot;,&quot;_ha_eqh_enable&quot;:false}\">\n\t\t<div class=\"elementor-background-video-container elementor-hidden-mobile\">\n\t\t\t\t\t\t\t<video class=\"elementor-background-video-hosted\" role=\"presentation\" autoplay muted playsinline loop><\/video>\n\t\t\t\t\t<\/div><div class=\"elementor-element elementor-element-d74328f e-con-full e-flex e-con e-child\" data-id=\"d74328f\" data-element_type=\"container\" data-e-type=\"container\" data-settings=\"{&quot;_ha_eqh_enable&quot;:false}\">\n\t\t\t\t<div class=\"elementor-element elementor-element-fbc4591 elementor-widget elementor-widget-heading\" data-id=\"fbc4591\" data-element_type=\"widget\" data-e-type=\"widget\" data-widget_type=\"heading.default\">\n\t\t\t\t<div class=\"elementor-widget-container\">\n\t\t\t\t\t<h2 class=\"elementor-heading-title elementor-size-default\">UNE FONDATION SOLIDE <br>EST ESSENTIEL<\/h2>\t\t\t\t<\/div>\n\t\t\t\t<\/div>\n\t\t\t\t<div class=\"elementor-element elementor-element-a087e18 elementor-widget elementor-widget-heading\" data-id=\"a087e18\" data-element_type=\"widget\" data-e-type=\"widget\" data-widget_type=\"heading.default\">\n\t\t\t\t<div class=\"elementor-widget-container\">\n\t\t\t\t\t<h2 class=\"elementor-heading-title elementor-size-default\">Faites confiance \u00e0 l'expertise de Van Linden BV, <br>le sp\u00e9cialiste des caves en b\u00e9ton de haute qualit\u00e9.<\/h2>\t\t\t\t<\/div>\n\t\t\t\t<\/div>\n\t\t<div class=\"elementor-element elementor-element-7f32648 e-con-full e-flex e-con e-child\" data-id=\"7f32648\" data-element_type=\"container\" data-e-type=\"container\" data-settings=\"{&quot;_ha_eqh_enable&quot;:false}\">\n\t\t\t\t<div class=\"elementor-element elementor-element-92a7c35 elementor-widget elementor-widget-button\" data-id=\"92a7c35\" data-element_type=\"widget\" data-e-type=\"widget\" data-widget_type=\"button.default\">\n\t\t\t\t<div class=\"elementor-widget-container\">\n\t\t\t\t\t\t\t\t\t<div class=\"elementor-button-wrapper\">\n\t\t\t\t\t<a class=\"elementor-button elementor-button-link elementor-size-sm\" href=\"https:\/\/vanlindenbvba.be\/fr\/contact\/\">\n\t\t\t\t\t\t<span class=\"elementor-button-content-wrapper\">\n\t\t\t\t\t\t\t\t\t<span class=\"elementor-button-text\">Obtenir un devis gratuit<\/span>\n\t\t\t\t\t<\/span>\n\t\t\t\t\t<\/a>\n\t\t\t\t<\/div>\n\t\t\t\t\t\t\t\t<\/div>\n\t\t\t\t<\/div>\n\t\t\t\t<div class=\"elementor-element elementor-element-d19945b elementor-widget elementor-widget-button\" data-id=\"d19945b\" data-element_type=\"widget\" data-e-type=\"widget\" data-widget_type=\"button.default\">\n\t\t\t\t<div class=\"elementor-widget-container\">\n\t\t\t\t\t\t\t\t\t<div class=\"elementor-button-wrapper\">\n\t\t\t\t\t<a class=\"elementor-button elementor-button-link elementor-size-sm\" href=\"https:\/\/vanlindenbvba.be\/fr\/referenties\/\">\n\t\t\t\t\t\t<span class=\"elementor-button-content-wrapper\">\n\t\t\t\t\t\t\t\t\t<span class=\"elementor-button-text\">Consultez nos r\u00e9alisations<\/span>\n\t\t\t\t\t<\/span>\n\t\t\t\t\t<\/a>\n\t\t\t\t<\/div>\n\t\t\t\t\t\t\t\t<\/div>\n\t\t\t\t<\/div>\n\t\t\t\t<\/div>\n\t\t\t\t<\/div>\n\t\t\t\t<\/div>\n\t\t<div class=\"elementor-element elementor-element-d077791 e-con-full e-flex e-con e-parent\" data-id=\"d077791\" data-element_type=\"container\" data-e-type=\"container\" data-settings=\"{&quot;_ha_eqh_enable&quot;:false}\">\n\t\t<div class=\"elementor-element elementor-element-4388016 e-con-full e-flex e-con e-child\" data-id=\"4388016\" data-element_type=\"container\" data-e-type=\"container\" data-settings=\"{&quot;_ha_eqh_enable&quot;:false}\">\n\t\t<div class=\"elementor-element elementor-element-7d8b301 e-con-full e-flex e-con e-child\" data-id=\"7d8b301\" data-element_type=\"container\" data-e-type=\"container\" data-settings=\"{&quot;_ha_eqh_enable&quot;:false}\">\n\t\t\t\t<div class=\"elementor-element elementor-element-25fd0cb elementor-widget elementor-widget-heading\" data-id=\"25fd0cb\" data-element_type=\"widget\" data-e-type=\"widget\" data-widget_type=\"heading.default\">\n\t\t\t\t<div class=\"elementor-widget-container\">\n\t\t\t\t\t<h2 class=\"elementor-heading-title elementor-size-default\">Un savoir-faire coul\u00e9 dans le b\u00e9ton<\/h2>\t\t\t\t<\/div>\n\t\t\t\t<\/div>\n\t\t\t\t<\/div>\n\t\t\t\t<div class=\"elementor-element elementor-element-4e99d22 elementor-widget elementor-widget-heading\" data-id=\"4e99d22\" data-element_type=\"widget\" data-e-type=\"widget\" data-widget_type=\"heading.default\">\n\t\t\t\t<div class=\"elementor-widget-container\">\n\t\t\t\t\t<h2 class=\"elementor-heading-title elementor-size-default\">Faites confiance \u00e0 la vaste expertise de VAN LINDEN bv pour tous vos travaux de b\u00e9tonnage. Nos sp\u00e9cialisations sont <strong style=\"font-weight:600\">caves en b\u00e9ton pour construction r\u00e9sidentielle<\/strong> et <strong style=\"font-weight:600\">parkings souterrains<\/strong>, <strong style=\"font-weight:600\">betonwerken voor de landbouw<\/strong> et <strong style=\"font-weight:600\">sols polis<\/strong>. Nous proposons des solutions sur mesure pour votre projet sp\u00e9cifique.\n<br \/><br \/>\nDepuis notre cr\u00e9ation en 1998, nous nous sommes b\u00e2tis une r\u00e9putation comme l'un des leaders du march\u00e9 en Belgique. De <strong style=\"font-weight:600\">plus de 25 ans d'exp\u00e9rience<\/strong> nous sommes un partenaire fiable pour la construction de sous-sols, soutenu par une \u00e9quipe de professionnels qualifi\u00e9s. Nos quatre \u00e9quipes sont <strong style=\"font-weight:600\">sp\u00e9cialis\u00e9 dans le tressage des barres d'armature<\/strong>, <strong style=\"font-weight:600\">installation du syst\u00e8me de coffrage<\/strong> et <strong style=\"font-weight:600\">couler du b\u00e9ton<\/strong>, r\u00e9sultant en des finitions de haute qualit\u00e9 et des constructions durables.\n<br \/><br \/>\nVous \u00eates un particulier ou une entreprise de construction, nous sommes l\u00e0 pour r\u00e9aliser vos travaux de b\u00e9tonnage, partout en Belgique. N'h\u00e9sitez pas \u00e0 demander un devis et d\u00e9couvrez pourquoi <strong style=\"font-weight:600\">VAN LINDEN bv<\/strong> votre sp\u00e9cialiste fiable pour les travaux de b\u00e9ton.<\/h2>\t\t\t\t<\/div>\n\t\t\t\t<\/div>\n\t\t\t\t<div class=\"elementor-element elementor-element-77fa9b7 elementor-widget elementor-widget-button\" data-id=\"77fa9b7\" data-element_type=\"widget\" data-e-type=\"widget\" data-widget_type=\"button.default\">\n\t\t\t\t<div class=\"elementor-widget-container\">\n\t\t\t\t\t\t\t\t\t<div class=\"elementor-button-wrapper\">\n\t\t\t\t\t<a class=\"elementor-button elementor-button-link elementor-size-sm\" href=\"https:\/\/vanlindenbvba.be\/fr\/werkwijze\/\">\n\t\t\t\t\t\t<span class=\"elementor-button-content-wrapper\">\n\t\t\t\t\t\t\t\t\t<span class=\"elementor-button-text\">Notre m\u00e9thode<\/span>\n\t\t\t\t\t<\/span>\n\t\t\t\t\t<\/a>\n\t\t\t\t<\/div>\n\t\t\t\t\t\t\t\t<\/div>\n\t\t\t\t<\/div>\n\t\t\t\t<\/div>\n\t\t<div class=\"elementor-element elementor-element-a3b625b e-con-full e-flex e-con e-child\" data-id=\"a3b625b\" data-element_type=\"container\" data-e-type=\"container\" data-settings=\"{&quot;background_background&quot;:&quot;classic&quot;,&quot;_ha_eqh_enable&quot;:false}\">\n\t\t\t\t<\/div>\n\t\t\t\t<\/div>\n\t\t\t\t<\/div>","protected":false},"excerpt":{"rendered":"<p>Een solide basis is essentieeL Vertrouw op de expertise van Van Linden BV, d\u00e9 specialist in hoogwaardige betonkelders. Ontvang een gratis offerte Bekijk onze realisaties Expertise gegoten in beton Vertrouw op de uitgebreide expertise van VAN LINDEN bv voor al uw betonwerken. Onze specialisaties zijn betonkelders voor woningbouw en ondergrondse parkings, betonwerken voor de landbouw [&hellip;]<\/p>","protected":false},"author":1,"featured_media":0,"parent":0,"menu_order":0,"comment_status":"closed","ping_status":"closed","template":"","meta":{"footnotes":""},"class_list":["post-112","page","type-page","status-publish","hentry"],"yoast_head":"<!-- This site is optimized with the Yoast SEO plugin v26.9 - https:\/\/yoast.com\/product\/yoast-seo-wordpress\/ -->\n<title>Betonkelders &amp; betonwerken in Puurs-Sint-Amands | Van Linden bv<\/title>\n<meta name=\"description\" content=\"Van Linden BV is specialist in betonwerken en betonkelders. Wij gieten uw kelder en betonconstructies met vakmanschap. Vraag nu een offerte!\" \/>\n<meta name=\"robots\" content=\"index, follow, max-snippet:-1, max-image-preview:large, max-video-preview:-1\" \/>\n<link rel=\"canonical\" href=\"https:\/\/vanlindenbvba.be\/fr\/\" \/>\n<meta property=\"og:locale\" content=\"fr_FR\" \/>\n<meta property=\"og:type\" content=\"article\" \/>\n<meta property=\"og:title\" content=\"Betonkelders &amp; betonwerken in Puurs-Sint-Amands | Van Linden bv\" \/>\n<meta property=\"og:description\" content=\"Van Linden BV is specialist in betonwerken en betonkelders. Wij gieten uw kelder en betonconstructies met vakmanschap. Vraag nu een offerte!\" \/>\n<meta property=\"og:url\" content=\"https:\/\/vanlindenbvba.be\/fr\/\" \/>\n<meta property=\"og:site_name\" content=\"Van Linden - Betonkelders\" \/>\n<meta property=\"article:modified_time\" content=\"2026-02-10T14:39:13+00:00\" \/>\n<meta name=\"twitter:card\" content=\"summary_large_image\" \/>\n<meta name=\"twitter:label1\" content=\"Dur\u00e9e de lecture est.\" \/>\n\t<meta name=\"twitter:data1\" content=\"1 minute\" \/>\n<script type=\"application\/ld+json\" class=\"yoast-schema-graph\">{\"@context\":\"https:\/\/schema.org\",\"@graph\":[{\"@type\":\"WebPage\",\"@id\":\"https:\/\/vanlindenbvba.be\/\",\"url\":\"https:\/\/vanlindenbvba.be\/\",\"name\":\"Betonkelders & betonwerken in Puurs-Sint-Amands | Van Linden bv\",\"isPartOf\":{\"@id\":\"https:\/\/vanlindenbvba.be\/#website\"},\"datePublished\":\"2024-05-16T07:54:41+00:00\",\"dateModified\":\"2026-02-10T14:39:13+00:00\",\"description\":\"Van Linden BV is specialist in betonwerken en betonkelders. Wij gieten uw kelder en betonconstructies met vakmanschap. Vraag nu een offerte!\",\"breadcrumb\":{\"@id\":\"https:\/\/vanlindenbvba.be\/#breadcrumb\"},\"inLanguage\":\"fr-BE\",\"potentialAction\":[{\"@type\":\"ReadAction\",\"target\":[\"https:\/\/vanlindenbvba.be\/\"]}]},{\"@type\":\"BreadcrumbList\",\"@id\":\"https:\/\/vanlindenbvba.be\/#breadcrumb\",\"itemListElement\":[{\"@type\":\"ListItem\",\"position\":1,\"name\":\"Home\",\"item\":\"https:\/\/vanlindenbvba.be\/\"},{\"@type\":\"ListItem\",\"position\":2,\"name\":\"Home\"}]},{\"@type\":\"WebSite\",\"@id\":\"https:\/\/vanlindenbvba.be\/#website\",\"url\":\"https:\/\/vanlindenbvba.be\/\",\"name\":\"Van Linden - Betonkelders\",\"description\":\"\",\"publisher\":{\"@id\":\"https:\/\/vanlindenbvba.be\/#organization\"},\"potentialAction\":[{\"@type\":\"SearchAction\",\"target\":{\"@type\":\"EntryPoint\",\"urlTemplate\":\"https:\/\/vanlindenbvba.be\/?s={search_term_string}\"},\"query-input\":{\"@type\":\"PropertyValueSpecification\",\"valueRequired\":true,\"valueName\":\"search_term_string\"}}],\"inLanguage\":\"fr-BE\"},{\"@type\":\"Organization\",\"@id\":\"https:\/\/vanlindenbvba.be\/#organization\",\"name\":\"Van Linden - Betonkelders\",\"url\":\"https:\/\/vanlindenbvba.be\/\",\"logo\":{\"@type\":\"ImageObject\",\"inLanguage\":\"fr-BE\",\"@id\":\"https:\/\/vanlindenbvba.be\/#\/schema\/logo\/image\/\",\"url\":\"https:\/\/vanlindenbvba.be\/wp-content\/uploads\/2024\/05\/Logo-Van-Linden-betonwerken-Verdeeld-NL-1536x369-1.png\",\"contentUrl\":\"https:\/\/vanlindenbvba.be\/wp-content\/uploads\/2024\/05\/Logo-Van-Linden-betonwerken-Verdeeld-NL-1536x369-1.png\",\"width\":1536,\"height\":369,\"caption\":\"Van Linden - Betonkelders\"},\"image\":{\"@id\":\"https:\/\/vanlindenbvba.be\/#\/schema\/logo\/image\/\"}}]}<\/script>\n<!-- \/ Yoast SEO plugin. -->","yoast_head_json":{"title":"Betonkelders & betonwerken in Puurs-Sint-Amands | Van Linden bv","description":"Van Linden BV is specialist in betonwerken en betonkelders. Wij gieten uw kelder en betonconstructies met vakmanschap. Vraag nu een offerte!","robots":{"index":"index","follow":"follow","max-snippet":"max-snippet:-1","max-image-preview":"max-image-preview:large","max-video-preview":"max-video-preview:-1"},"canonical":"https:\/\/vanlindenbvba.be\/fr\/","og_locale":"fr_FR","og_type":"article","og_title":"Betonkelders & betonwerken in Puurs-Sint-Amands | Van Linden bv","og_description":"Van Linden BV is specialist in betonwerken en betonkelders. Wij gieten uw kelder en betonconstructies met vakmanschap. Vraag nu een offerte!","og_url":"https:\/\/vanlindenbvba.be\/fr\/","og_site_name":"Van Linden - Betonkelders","article_modified_time":"2026-02-10T14:39:13+00:00","twitter_card":"summary_large_image","twitter_misc":{"Dur\u00e9e de lecture est.":"1 minute"},"schema":{"@context":"https:\/\/schema.org","@graph":[{"@type":"WebPage","@id":"https:\/\/vanlindenbvba.be\/","url":"https:\/\/vanlindenbvba.be\/","name":"Betonkelders & betonwerken in Puurs-Sint-Amands | Van Linden bv","isPartOf":{"@id":"https:\/\/vanlindenbvba.be\/#website"},"datePublished":"2024-05-16T07:54:41+00:00","dateModified":"2026-02-10T14:39:13+00:00","description":"Van Linden BV is specialist in betonwerken en betonkelders. Wij gieten uw kelder en betonconstructies met vakmanschap. Vraag nu een offerte!","breadcrumb":{"@id":"https:\/\/vanlindenbvba.be\/#breadcrumb"},"inLanguage":"fr-BE","potentialAction":[{"@type":"ReadAction","target":["https:\/\/vanlindenbvba.be\/"]}]},{"@type":"BreadcrumbList","@id":"https:\/\/vanlindenbvba.be\/#breadcrumb","itemListElement":[{"@type":"ListItem","position":1,"name":"Home","item":"https:\/\/vanlindenbvba.be\/"},{"@type":"ListItem","position":2,"name":"Home"}]},{"@type":"WebSite","@id":"https:\/\/vanlindenbvba.be\/#website","url":"https:\/\/vanlindenbvba.be\/","name":"Van Linden - Betonkelders","description":"","publisher":{"@id":"https:\/\/vanlindenbvba.be\/#organization"},"potentialAction":[{"@type":"SearchAction","target":{"@type":"EntryPoint","urlTemplate":"https:\/\/vanlindenbvba.be\/?s={search_term_string}"},"query-input":{"@type":"PropertyValueSpecification","valueRequired":true,"valueName":"search_term_string"}}],"inLanguage":"fr-BE"},{"@type":"Organization","@id":"https:\/\/vanlindenbvba.be\/#organization","name":"Van Linden - Betonkelders","url":"https:\/\/vanlindenbvba.be\/","logo":{"@type":"ImageObject","inLanguage":"fr-BE","@id":"https:\/\/vanlindenbvba.be\/#\/schema\/logo\/image\/","url":"https:\/\/vanlindenbvba.be\/wp-content\/uploads\/2024\/05\/Logo-Van-Linden-betonwerken-Verdeeld-NL-1536x369-1.png","contentUrl":"https:\/\/vanlindenbvba.be\/wp-content\/uploads\/2024\/05\/Logo-Van-Linden-betonwerken-Verdeeld-NL-1536x369-1.png","width":1536,"height":369,"caption":"Van Linden - Betonkelders"},"image":{"@id":"https:\/\/vanlindenbvba.be\/#\/schema\/logo\/image\/"}}]}},"_links":{"self":[{"href":"https:\/\/vanlindenbvba.be\/fr\/wp-json\/wp\/v2\/pages\/112","targetHints":{"allow":["GET"]}}],"collection":[{"href":"https:\/\/vanlindenbvba.be\/fr\/wp-json\/wp\/v2\/pages"}],"about":[{"href":"https:\/\/vanlindenbvba.be\/fr\/wp-json\/wp\/v2\/types\/page"}],"author":[{"embeddable":true,"href":"https:\/\/vanlindenbvba.be\/fr\/wp-json\/wp\/v2\/users\/1"}],"replies":[{"embeddable":true,"href":"https:\/\/vanlindenbvba.be\/fr\/wp-json\/wp\/v2\/comments?post=112"}],"version-history":[{"count":142,"href":"https:\/\/vanlindenbvba.be\/fr\/wp-json\/wp\/v2\/pages\/112\/revisions"}],"predecessor-version":[{"id":989,"href":"https:\/\/vanlindenbvba.be\/fr\/wp-json\/wp\/v2\/pages\/112\/revisions\/989"}],"wp:attachment":[{"href":"https:\/\/vanlindenbvba.be\/fr\/wp-json\/wp\/v2\/media?parent=112"}],"curies":[{"name":"wp","href":"https:\/\/api.w.org\/{rel}","templated":true}]}}